{"id":93,"date":"2020-04-04T18:23:55","date_gmt":"2020-04-04T21:23:55","guid":{"rendered":"https:\/\/demosites.io\/consultants-gb\/?page_id=93"},"modified":"2021-03-09T02:19:23","modified_gmt":"2021-03-09T05:19:23","slug":"b34cf-contact-us","status":"publish","type":"page","link":"https:\/\/gerenciamento.digital\/index.php\/b34cf-contact-us\/","title":{"rendered":"Contato"},"content":{"rendered":"\n<div class=\"wp-block-group alignfull\"><div class=\"wp-block-group__inner-container\">\n<div class=\"wp-block-themeisle-blocks-advanced-columns alignfull has-1-columns has-desktop-equal-layout has-tablet-equal-layout has-mobile-equal-layout has-default-gap has-vertical-unset\" id=\"wp-block-themeisle-blocks-advanced-columns-3c858e48\"><div class=\"wp-block-themeisle-blocks-advanced-columns-overlay\"><\/div><div class=\"innerblocks-wrap\">\n<div class=\"wp-block-themeisle-blocks-advanced-column\" id=\"wp-block-themeisle-blocks-advanced-column-e2d60ca9\">\n<h1 class=\"has-text-align-left has-nv-text-dark-bg-color has-text-color\">Estamos \u00e0 sua disposi\u00e7\u00e3o<\/h1>\n\n\n\n<p class=\"has-medium-font-size\">N\u00e3o importa o tamanho da sua empresa ou a complexidade da tarefa, nosso time est\u00e1 pronto para desenvolver o melhor plano de trabalho.<\/p>\n\n\n\n<p class=\"has-medium-font-size\">Voc\u00ea est\u00e1 pronto para organizar sua rotina e fazer seu neg\u00f3cio crescer? N\u00f3s estamos esperando seu contato.<\/p>\n<\/div>\n<\/div><\/div>\n\n\n\n<div class=\"wp-block-themeisle-blocks-advanced-columns alignfull has-1-columns has-desktop-equal-layout has-tablet-equal-layout has-mobile-equal-layout has-default-gap has-vertical-unset\" id=\"wp-block-themeisle-blocks-advanced-columns-0c93c5e6\"><div class=\"wp-block-themeisle-blocks-advanced-columns-overlay\"><\/div><div class=\"innerblocks-wrap\">\n<div class=\"wp-block-themeisle-blocks-advanced-column\" id=\"wp-block-themeisle-blocks-advanced-column-cb374b08\"><div class=\"wpforms-container wpforms-container-full\" id=\"wpforms-252\"><form id=\"wpforms-form-252\" class=\"wpforms-validate wpforms-form\" data-formid=\"252\" method=\"post\" enctype=\"multipart\/form-data\" action=\"\/index.php\/wp-json\/wp\/v2\/pages\/93\" data-token=\"c17b4492b5ac4626fedb0d5e6306ee1f\"><noscript class=\"wpforms-error-noscript\">Please enable JavaScript in your browser to complete this form.<\/noscript><div class=\"wpforms-field-container\"><div id=\"wpforms-252-field_0-container\" class=\"wpforms-field wpforms-field-name\" data-field-id=\"0\"><label class=\"wpforms-field-label\" for=\"wpforms-252-field_0\">Nome <span class=\"wpforms-required-label\">*<\/span><\/label><input type=\"text\" id=\"wpforms-252-field_0\" class=\"wpforms-field-medium wpforms-field-required\" name=\"wpforms[fields][0]\" placeholder=\"Nome completo\" required><\/div><div id=\"wpforms-252-field_1-container\" class=\"wpforms-field wpforms-field-email\" data-field-id=\"1\"><label class=\"wpforms-field-label\" for=\"wpforms-252-field_1\">E-mail <span class=\"wpforms-required-label\">*<\/span><\/label><div class=\"wpforms-field-row wpforms-field-medium\"><div class=\"wpforms-field-row-block wpforms-one-half wpforms-first\"><input type=\"email\" id=\"wpforms-252-field_1\" class=\"wpforms-field-required wpforms-field-email-primary\" name=\"wpforms[fields][1][primary]\" required><label for=\"wpforms-252-field_1\" class=\"wpforms-field-sublabel after \">Email<\/label><\/div><div class=\"wpforms-field-row-block wpforms-one-half\"><input type=\"email\" id=\"wpforms-252-field_1-secondary\" class=\"wpforms-field-email-secondary wpforms-field-required\" data-rule-confirm=\"#wpforms-252-field_1\" name=\"wpforms[fields][1][secondary]\" required><label for=\"wpforms-252-field_1-secondary\" class=\"wpforms-field-sublabel after \">Confirm Email<\/label><\/div><\/div><\/div><div id=\"wpforms-252-field_3-container\" class=\"wpforms-field wpforms-field-number\" data-field-id=\"3\"><label class=\"wpforms-field-label\" for=\"wpforms-252-field_3\">Telefone <span class=\"wpforms-required-label\">*<\/span><\/label><input type=\"number\" pattern=\"\\d*\" id=\"wpforms-252-field_3\" class=\"wpforms-field-medium wpforms-field-required\" name=\"wpforms[fields][3]\" placeholder=\"Seu melhor n\u00famero de contato\" required><\/div><div id=\"wpforms-252-field_2-container\" class=\"wpforms-field wpforms-field-textarea\" data-field-id=\"2\"><label class=\"wpforms-field-label\" for=\"wpforms-252-field_2\">Como podemos te ajudar? <span class=\"wpforms-required-label\">*<\/span><\/label><textarea id=\"wpforms-252-field_2\" class=\"wpforms-field-medium wpforms-field-required\" name=\"wpforms[fields][2]\" placeholder=\"Conte-nos o que voc\u00ea precisa e em breve entraremos em contato. \" required><\/textarea><\/div><\/div><div class=\"wpforms-submit-container\"><input type=\"hidden\" name=\"wpforms[id]\" value=\"252\"><input type=\"hidden\" name=\"wpforms[author]\" value=\"1\"><button type=\"submit\" name=\"wpforms[submit]\" id=\"wpforms-submit-252\" class=\"wpforms-submit\" data-alt-text=\"Enviando...\" data-submit-text=\"Enviar\" aria-live=\"assertive\" value=\"wpforms-submit\">Enviar<\/button><\/div><\/form><\/div>  <!-- .wpforms-container --><\/div>\n<\/div><\/div>\n<\/div><\/div>\n\n\n\n<p><\/p>\n\n\n\n<p class=\"has-neve-text-color-color has-text-color\" style=\"font-size:30px\">Se preferir, nos procure nas redes sociais.<\/p>\n\n\n\n<div id=\"wp-block-themeisle-blocks-button-group-a806a9a0\" class=\"wp-block-themeisle-blocks-button-group wp-block-buttons\">\n<div id=\"wp-block-themeisle-blocks-button-79bbe5ea\" class=\"wp-block-themeisle-blocks-button wp-block-button\"><a href=\"https:\/\/www.facebook.com\/GerenciamentoDigital-100160965446675\" target=\"_blank\" rel=\"noopener noreferrer\" class=\"wp-block-button__link\"><i class=\"fab fa-fw fa-facebook-f\"><\/i><\/a><\/div>\n\n\n\n<div id=\"wp-block-themeisle-blocks-button-2af06dbe\" class=\"wp-block-themeisle-blocks-button wp-block-button\"><a href=\"https:\/\/wa.me\/message\/HGQW4C5E5FDCB1\" target=\"_blank\" rel=\"noopener noreferrer\" class=\"wp-block-button__link\"><i class=\"fab fa-fw fa-whatsapp\"><\/i><\/a><\/div>\n\n\n\n<div id=\"wp-block-themeisle-blocks-button-dbaff7a7\" class=\"wp-block-themeisle-blocks-button wp-block-button\"><a href=\"https:\/\/www.instagram.com\/beatrizcano\/\" target=\"_blank\" rel=\"noopener noreferrer\" class=\"wp-block-button__link\"><i class=\"fab fa-fw fa-instagram\"><\/i><\/a><\/div>\n\n\n\n<div id=\"wp-block-themeisle-blocks-button-e8e9c47a\" class=\"wp-block-themeisle-blocks-button wp-block-button\"><a href=\"https:\/\/g.page\/r\/CYD7zwONpZg5EAE\" target=\"_blank\" rel=\"noopener noreferrer\" class=\"wp-block-button__link\"><i class=\"fab fa-fw fa-google-plus\"><\/i><\/a><\/div>\n<\/div>\n\n\n\n<p><\/p>\n","protected":false},"excerpt":{"rendered":"<p>Se preferir, nos procure nas redes sociais.<\/p>\n","protected":false},"author":1,"featured_media":0,"parent":0,"menu_order":0,"comment_status":"closed","ping_status":"closed","template":"page-templates\/template-pagebuilder-full-width.php","meta":{"_monsterinsights_skip_tracking":false,"_monsterinsights_sitenote_active":false,"_monsterinsights_sitenote_note":"","_monsterinsights_sitenote_category":0,"neve_meta_sidebar":"full-width","neve_meta_container":"contained","neve_meta_enable_content_width":"on","neve_meta_content_width":100,"neve_meta_title_alignment":"","neve_meta_author_avatar":"","neve_post_elements_order":"","neve_meta_disable_header":"","neve_meta_disable_footer":"","neve_meta_disable_title":"on","_ti_tpc_template_sync":false,"_ti_tpc_template_id":"b0fe68tywb1e4u0sa7ts"},"yoast_head":"<!-- This site is optimized with the Yoast SEO plugin v16.1.1 - https:\/\/yoast.com\/wordpress\/plugins\/seo\/ -->\n<title>Contato | Gerenciamento.Digital<\/title>\n<meta property=\"og:locale\" content=\"en_US\" \/>\n<meta property=\"og:type\" content=\"article\" \/>\n<meta property=\"og:title\" content=\"Contato | Gerenciamento.Digital\" \/>\n<meta property=\"og:description\" content=\"Se preferir, nos procure nas redes sociais.\" \/>\n<meta property=\"og:url\" content=\"http:\/\/gerenciamento.digital\/index.php\/b34cf-contact-us\/\" \/>\n<meta property=\"og:site_name\" content=\"Gerenciamento.Digital\" \/>\n<meta property=\"article:publisher\" content=\"https:\/\/www.facebook.com\/beatrizcano.av\" \/>\n<meta property=\"article:modified_time\" content=\"2021-03-09T05:19:23+00:00\" \/>\n<meta name=\"twitter:card\" content=\"summary_large_image\" \/>\n<meta name=\"twitter:label1\" content=\"Est. reading time\">\n\t<meta name=\"twitter:data1\" content=\"1 minute\">\n<script type=\"application\/ld+json\" class=\"yoast-schema-graph\">{\"@context\":\"https:\/\/schema.org\",\"@graph\":[{\"@type\":\"WebSite\",\"@id\":\"https:\/\/gerenciamento.digital\/#website\",\"url\":\"https:\/\/gerenciamento.digital\/\",\"name\":\"Gerenciamento.Digital\",\"description\":\"S\\u00f3 mais um site WordPress\",\"potentialAction\":[{\"@type\":\"SearchAction\",\"target\":\"https:\/\/gerenciamento.digital\/?s={search_term_string}\",\"query-input\":\"required name=search_term_string\"}],\"inLanguage\":\"en-US\"},{\"@type\":\"WebPage\",\"@id\":\"http:\/\/gerenciamento.digital\/index.php\/b34cf-contact-us\/#webpage\",\"url\":\"http:\/\/gerenciamento.digital\/index.php\/b34cf-contact-us\/\",\"name\":\"Contato | Gerenciamento.Digital\",\"isPartOf\":{\"@id\":\"https:\/\/gerenciamento.digital\/#website\"},\"datePublished\":\"2020-04-04T21:23:55+00:00\",\"dateModified\":\"2021-03-09T05:19:23+00:00\",\"breadcrumb\":{\"@id\":\"http:\/\/gerenciamento.digital\/index.php\/b34cf-contact-us\/#breadcrumb\"},\"inLanguage\":\"en-US\",\"potentialAction\":[{\"@type\":\"ReadAction\",\"target\":[\"http:\/\/gerenciamento.digital\/index.php\/b34cf-contact-us\/\"]}]},{\"@type\":\"BreadcrumbList\",\"@id\":\"http:\/\/gerenciamento.digital\/index.php\/b34cf-contact-us\/#breadcrumb\",\"itemListElement\":[{\"@type\":\"ListItem\",\"position\":1,\"item\":{\"@type\":\"WebPage\",\"@id\":\"http:\/\/gerenciamento.digital\/\",\"url\":\"http:\/\/gerenciamento.digital\/\",\"name\":\"In\\u00edcio\"}},{\"@type\":\"ListItem\",\"position\":2,\"item\":{\"@type\":\"WebPage\",\"@id\":\"http:\/\/gerenciamento.digital\/index.php\/b34cf-contact-us\/\",\"url\":\"http:\/\/gerenciamento.digital\/index.php\/b34cf-contact-us\/\",\"name\":\"Contato\"}}]}]}<\/script>\n<!-- \/ Yoast SEO plugin. -->","_links":{"self":[{"href":"https:\/\/gerenciamento.digital\/index.php\/wp-json\/wp\/v2\/pages\/93"}],"collection":[{"href":"https:\/\/gerenciamento.digital\/index.php\/wp-json\/wp\/v2\/pages"}],"about":[{"href":"https:\/\/gerenciamento.digital\/index.php\/wp-json\/wp\/v2\/types\/page"}],"author":[{"embeddable":true,"href":"https:\/\/gerenciamento.digital\/index.php\/wp-json\/wp\/v2\/users\/1"}],"replies":[{"embeddable":true,"href":"https:\/\/gerenciamento.digital\/index.php\/wp-json\/wp\/v2\/comments?post=93"}],"version-history":[{"count":11,"href":"https:\/\/gerenciamento.digital\/index.php\/wp-json\/wp\/v2\/pages\/93\/revisions"}],"predecessor-version":[{"id":284,"href":"https:\/\/gerenciamento.digital\/index.php\/wp-json\/wp\/v2\/pages\/93\/revisions\/284"}],"wp:attachment":[{"href":"https:\/\/gerenciamento.digital\/index.php\/wp-json\/wp\/v2\/media?parent=93"}],"curies":[{"name":"wp","href":"https:\/\/api.w.org\/{rel}","templated":true}]}}